{"id":2425,"date":"2022-04-14T19:53:48","date_gmt":"2022-04-14T19:53:48","guid":{"rendered":"https:\/\/www.sportsoccasionsplus.com\/?post_type=product&#038;p=2425"},"modified":"2025-06-22T14:04:44","modified_gmt":"2025-06-22T14:04:44","slug":"velec-fb48-2022","status":"publish","type":"product","link":"https:\/\/www.sportsoccasionsplus.com\/en\/produit\/velec-fb48-2022\/","title":{"rendered":"V\u00e9lec FB48 2025"},"content":{"rendered":"<p>v\u00e9lo pliant &#8220;fat bike&#8221; \u00e9lectrique<\/p>\n","protected":false},"excerpt":{"rendered":"<h4>Disponible en magasin seulement<\/h4>\n<h4>choix de couleur: titane<\/h4>\n<h4>taxes en sus.<\/h4>\n<h4>+ 10$ d\u2019\u00e9cofrais de batterie<\/h4>\n<p>voltage: 48v<\/p>\n<p>moteur : high torque<span style=\"font-style: normal; font-size: 16px; font-weight: 400;\">\u00a0500 watts<\/span><\/p>\n<p>Autonomie de batterie<\/p>\n<ul>\n<li>10 amp\u00e8res 2699.99$<\/li>\n<li>15 amp\u00e8res 2899.99$<\/li>\n<\/ul>\n<h4>Grandeur:<\/h4>\n<ul>\n<li>medium<\/li>\n<\/ul>\n","protected":false},"featured_media":2427,"comment_status":"open","ping_status":"closed","template":"","meta":{"_acf_changed":false,"site-sidebar-layout":"default","site-content-layout":"default","ast-site-content-layout":"default","site-content-style":"default","site-sidebar-style":"default","ast-global-header-display":"","ast-banner-title-visibility":"","ast-main-header-display":"","ast-hfb-above-header-display":"","ast-hfb-below-header-display":"","ast-hfb-mobile-header-display":"","site-post-title":"","ast-breadcrumbs-content":"","ast-featured-img":"","footer-sml-layout":"","ast-disable-related-posts":"","theme-transparent-header-meta":"default","adv-header-id-meta":"","stick-header-meta":"","header-above-stick-meta":"","header-main-stick-meta":"","header-below-stick-meta":"","astra-migrate-meta-layouts":"set","ast-page-background-enabled":"default","ast-page-background-meta":{"desktop":{"background-color":"var(--ast-global-color-4)","background-image":"","background-repeat":"repeat","background-position":"center center","background-size":"auto","background-attachment":"scroll","background-type":"","background-media":"","overlay-type":"","overlay-color":"","overlay-opacity":"","overlay-gradient":""},"tablet":{"background-color":"","background-image":"","background-repeat":"repeat","background-position":"center center","background-size":"auto","background-attachment":"scroll","background-type":"","background-media":"","overlay-type":"","overlay-color":"","overlay-opacity":"","overlay-gradient":""},"mobile":{"background-color":"","background-image":"","background-repeat":"repeat","background-position":"center center","background-size":"auto","background-attachment":"scroll","background-type":"","background-media":"","overlay-type":"","overlay-color":"","overlay-opacity":"","overlay-gradient":""}},"ast-content-background-meta":{"desktop":{"background-color":"var(--ast-global-color-5)","background-image":"","background-repeat":"repeat","background-position":"center center","background-size":"auto","background-attachment":"scroll","background-type":"","background-media":"","overlay-type":"","overlay-color":"","overlay-opacity":"","overlay-gradient":""},"tablet":{"background-color":"var(--ast-global-color-5)","background-image":"","background-repeat":"repeat","background-position":"center center","background-size":"auto","background-attachment":"scroll","background-type":"","background-media":"","overlay-type":"","overlay-color":"","overlay-opacity":"","overlay-gradient":""},"mobile":{"background-color":"var(--ast-global-color-5)","background-image":"","background-repeat":"repeat","background-position":"center center","background-size":"auto","background-attachment":"scroll","background-type":"","background-media":"","overlay-type":"","overlay-color":"","overlay-opacity":"","overlay-gradient":""}}},"product_brand":[],"product_cat":[53,192,62,73,194],"product_tag":[],"class_list":{"0":"post-2425","1":"product","2":"type-product","3":"status-publish","4":"has-post-thumbnail","6":"product_cat-uncategorized","7":"product_cat-liquidation","8":"product_cat-velo","9":"product_cat-velo-electrique","10":"product_cat-velos_liquidation","12":"first","13":"instock","14":"sale","15":"taxable","16":"shipping-taxable","17":"purchasable","18":"product-type-variable","19":"has-default-attributes"},"acf":[],"yoast_head":"<!-- This site is optimized with the Yoast SEO plugin v27.6 - https:\/\/yoast.com\/product\/yoast-seo-wordpress\/ -->\n<title>V\u00e9lec FB48 2025 - Sports Occasions Plus<\/title>\n<meta name=\"robots\" content=\"index, follow, max-snippet:-1, max-image-preview:large, max-video-preview:-1\" \/>\n<link rel=\"canonical\" href=\"https:\/\/www.sportsoccasionsplus.com\/produit\/velec-fb48-2022\/\" \/>\n<meta property=\"og:locale\" content=\"en_US\" \/>\n<meta property=\"og:type\" content=\"article\" \/>\n<meta property=\"og:title\" content=\"V\u00e9lec FB48 2025 - Sports Occasions Plus\" \/>\n<meta property=\"og:description\" content=\"Disponible en magasin seulement choix de couleur: titane taxes en sus. + 10$ d\u2019\u00e9cofrais de batterie voltage: 48v  moteur : high torque\u00a0500 watts  Autonomie de batterie   10 amp\u00e8res 2699.99$  15 amp\u00e8res 2899.99$  Grandeur:   medium\" \/>\n<meta property=\"og:url\" content=\"https:\/\/www.sportsoccasionsplus.com\/produit\/velec-fb48-2022\/\" \/>\n<meta property=\"og:site_name\" content=\"Sports Occasions Plus\" \/>\n<meta property=\"article:modified_time\" content=\"2025-06-22T14:04:44+00:00\" \/>\n<meta property=\"og:image\" content=\"https:\/\/www.sportsoccasionsplus.com\/wp-content\/uploads\/velec-fb48.jpg\" \/>\n\t<meta property=\"og:image:width\" content=\"576\" \/>\n\t<meta property=\"og:image:height\" content=\"576\" \/>\n\t<meta property=\"og:image:type\" content=\"image\/jpeg\" \/>\n<meta name=\"twitter:card\" content=\"summary_large_image\" \/>\n<meta name=\"twitter:label1\" content=\"Est. reading time\" \/>\n\t<meta name=\"twitter:data1\" content=\"1 minute\" \/>\n<script type=\"application\/ld+json\" class=\"yoast-schema-graph\">{\"@context\":\"https:\\\/\\\/schema.org\",\"@graph\":[{\"@type\":\"WebPage\",\"@id\":\"https:\\\/\\\/www.sportsoccasionsplus.com\\\/produit\\\/velec-fb48-2022\\\/\",\"url\":\"https:\\\/\\\/www.sportsoccasionsplus.com\\\/produit\\\/velec-fb48-2022\\\/\",\"name\":\"V\u00e9lec FB48 2025 - Sports Occasions Plus\",\"isPartOf\":{\"@id\":\"https:\\\/\\\/www.sportsoccasionsplus.com\\\/#website\"},\"primaryImageOfPage\":{\"@id\":\"https:\\\/\\\/www.sportsoccasionsplus.com\\\/produit\\\/velec-fb48-2022\\\/#primaryimage\"},\"image\":{\"@id\":\"https:\\\/\\\/www.sportsoccasionsplus.com\\\/produit\\\/velec-fb48-2022\\\/#primaryimage\"},\"thumbnailUrl\":\"https:\\\/\\\/www.sportsoccasionsplus.com\\\/wp-content\\\/uploads\\\/velec-fb48.jpg\",\"datePublished\":\"2022-04-14T19:53:48+00:00\",\"dateModified\":\"2025-06-22T14:04:44+00:00\",\"breadcrumb\":{\"@id\":\"https:\\\/\\\/www.sportsoccasionsplus.com\\\/produit\\\/velec-fb48-2022\\\/#breadcrumb\"},\"inLanguage\":\"en-US\",\"potentialAction\":[{\"@type\":\"ReadAction\",\"target\":[\"https:\\\/\\\/www.sportsoccasionsplus.com\\\/produit\\\/velec-fb48-2022\\\/\"]}]},{\"@type\":\"ImageObject\",\"inLanguage\":\"en-US\",\"@id\":\"https:\\\/\\\/www.sportsoccasionsplus.com\\\/produit\\\/velec-fb48-2022\\\/#primaryimage\",\"url\":\"https:\\\/\\\/www.sportsoccasionsplus.com\\\/wp-content\\\/uploads\\\/velec-fb48.jpg\",\"contentUrl\":\"https:\\\/\\\/www.sportsoccasionsplus.com\\\/wp-content\\\/uploads\\\/velec-fb48.jpg\",\"width\":576,\"height\":576,\"caption\":\"velec fb48\"},{\"@type\":\"BreadcrumbList\",\"@id\":\"https:\\\/\\\/www.sportsoccasionsplus.com\\\/produit\\\/velec-fb48-2022\\\/#breadcrumb\",\"itemListElement\":[{\"@type\":\"ListItem\",\"position\":1,\"name\":\"Home\",\"item\":\"https:\\\/\\\/www.sportsoccasionsplus.com\\\/boutique\\\/\"},{\"@type\":\"ListItem\",\"position\":2,\"name\":\"V\u00e9lec FB48 2025\"}]},{\"@type\":\"WebSite\",\"@id\":\"https:\\\/\\\/www.sportsoccasionsplus.com\\\/#website\",\"url\":\"https:\\\/\\\/www.sportsoccasionsplus.com\\\/\",\"name\":\"Sports Occasions Plus\",\"description\":\"\",\"potentialAction\":[{\"@type\":\"SearchAction\",\"target\":{\"@type\":\"EntryPoint\",\"urlTemplate\":\"https:\\\/\\\/www.sportsoccasionsplus.com\\\/?s={search_term_string}\"},\"query-input\":{\"@type\":\"PropertyValueSpecification\",\"valueRequired\":true,\"valueName\":\"search_term_string\"}}],\"inLanguage\":\"en-US\"}]}<\/script>\n<!-- \/ Yoast SEO plugin. -->","yoast_head_json":{"title":"V\u00e9lec FB48 2025 - Sports Occasions Plus","robots":{"index":"index","follow":"follow","max-snippet":"max-snippet:-1","max-image-preview":"max-image-preview:large","max-video-preview":"max-video-preview:-1"},"canonical":"https:\/\/www.sportsoccasionsplus.com\/produit\/velec-fb48-2022\/","og_locale":"en_US","og_type":"article","og_title":"V\u00e9lec FB48 2025 - Sports Occasions Plus","og_description":"Disponible en magasin seulement choix de couleur: titane taxes en sus. + 10$ d\u2019\u00e9cofrais de batterie voltage: 48v  moteur : high torque\u00a0500 watts  Autonomie de batterie   10 amp\u00e8res 2699.99$  15 amp\u00e8res 2899.99$  Grandeur:   medium","og_url":"https:\/\/www.sportsoccasionsplus.com\/produit\/velec-fb48-2022\/","og_site_name":"Sports Occasions Plus","article_modified_time":"2025-06-22T14:04:44+00:00","og_image":[{"width":576,"height":576,"url":"https:\/\/www.sportsoccasionsplus.com\/wp-content\/uploads\/velec-fb48.jpg","type":"image\/jpeg"}],"twitter_card":"summary_large_image","twitter_misc":{"Est. reading time":"1 minute"},"schema":{"@context":"https:\/\/schema.org","@graph":[{"@type":"WebPage","@id":"https:\/\/www.sportsoccasionsplus.com\/produit\/velec-fb48-2022\/","url":"https:\/\/www.sportsoccasionsplus.com\/produit\/velec-fb48-2022\/","name":"V\u00e9lec FB48 2025 - Sports Occasions Plus","isPartOf":{"@id":"https:\/\/www.sportsoccasionsplus.com\/#website"},"primaryImageOfPage":{"@id":"https:\/\/www.sportsoccasionsplus.com\/produit\/velec-fb48-2022\/#primaryimage"},"image":{"@id":"https:\/\/www.sportsoccasionsplus.com\/produit\/velec-fb48-2022\/#primaryimage"},"thumbnailUrl":"https:\/\/www.sportsoccasionsplus.com\/wp-content\/uploads\/velec-fb48.jpg","datePublished":"2022-04-14T19:53:48+00:00","dateModified":"2025-06-22T14:04:44+00:00","breadcrumb":{"@id":"https:\/\/www.sportsoccasionsplus.com\/produit\/velec-fb48-2022\/#breadcrumb"},"inLanguage":"en-US","potentialAction":[{"@type":"ReadAction","target":["https:\/\/www.sportsoccasionsplus.com\/produit\/velec-fb48-2022\/"]}]},{"@type":"ImageObject","inLanguage":"en-US","@id":"https:\/\/www.sportsoccasionsplus.com\/produit\/velec-fb48-2022\/#primaryimage","url":"https:\/\/www.sportsoccasionsplus.com\/wp-content\/uploads\/velec-fb48.jpg","contentUrl":"https:\/\/www.sportsoccasionsplus.com\/wp-content\/uploads\/velec-fb48.jpg","width":576,"height":576,"caption":"velec fb48"},{"@type":"BreadcrumbList","@id":"https:\/\/www.sportsoccasionsplus.com\/produit\/velec-fb48-2022\/#breadcrumb","itemListElement":[{"@type":"ListItem","position":1,"name":"Home","item":"https:\/\/www.sportsoccasionsplus.com\/boutique\/"},{"@type":"ListItem","position":2,"name":"V\u00e9lec FB48 2025"}]},{"@type":"WebSite","@id":"https:\/\/www.sportsoccasionsplus.com\/#website","url":"https:\/\/www.sportsoccasionsplus.com\/","name":"Sports Occasions Plus","description":"","potentialAction":[{"@type":"SearchAction","target":{"@type":"EntryPoint","urlTemplate":"https:\/\/www.sportsoccasionsplus.com\/?s={search_term_string}"},"query-input":{"@type":"PropertyValueSpecification","valueRequired":true,"valueName":"search_term_string"}}],"inLanguage":"en-US"}]}},"_links":{"self":[{"href":"https:\/\/www.sportsoccasionsplus.com\/en\/wp-json\/wp\/v2\/product\/2425","targetHints":{"allow":["GET"]}}],"collection":[{"href":"https:\/\/www.sportsoccasionsplus.com\/en\/wp-json\/wp\/v2\/product"}],"about":[{"href":"https:\/\/www.sportsoccasionsplus.com\/en\/wp-json\/wp\/v2\/types\/product"}],"replies":[{"embeddable":true,"href":"https:\/\/www.sportsoccasionsplus.com\/en\/wp-json\/wp\/v2\/comments?post=2425"}],"wp:featuredmedia":[{"embeddable":true,"href":"https:\/\/www.sportsoccasionsplus.com\/en\/wp-json\/wp\/v2\/media\/2427"}],"wp:attachment":[{"href":"https:\/\/www.sportsoccasionsplus.com\/en\/wp-json\/wp\/v2\/media?parent=2425"}],"wp:term":[{"taxonomy":"product_brand","embeddable":true,"href":"https:\/\/www.sportsoccasionsplus.com\/en\/wp-json\/wp\/v2\/product_brand?post=2425"},{"taxonomy":"product_cat","embeddable":true,"href":"https:\/\/www.sportsoccasionsplus.com\/en\/wp-json\/wp\/v2\/product_cat?post=2425"},{"taxonomy":"product_tag","embeddable":true,"href":"https:\/\/www.sportsoccasionsplus.com\/en\/wp-json\/wp\/v2\/product_tag?post=2425"}],"curies":[{"name":"wp","href":"https:\/\/api.w.org\/{rel}","templated":true}]}}